{"id":983,"date":"2022-09-26T08:53:27","date_gmt":"2022-09-26T06:53:27","guid":{"rendered":"https:\/\/www.heroldtaxi.ch\/datenschutzerklaerung\/"},"modified":"2022-12-21T08:41:44","modified_gmt":"2022-12-21T07:41:44","slug":"datenschutzerklaerung","status":"publish","type":"page","link":"https:\/\/www.heroldtaxi.ch\/en\/datenschutzerklaerung\/","title":{"rendered":"Imprint"},"content":{"rendered":"\n<div id=\"stage-block_100d55c75c59d6514eca47c6535da8e9\"\n     class=\"mod-stage space-bottom-l has-curvy-title\"\n>\n\t\t\t<div class=\"full-width-breakout\">\n\t\t\t\t\t\t\t\t\t\t\t\t<div class=\"media half-stage \">\n\t\t\t\t\t\t<div class=\"a-image \">       <picture class=\"a-image__picture\">       \t<source width=\"1250\" height=\"536\" media=\"(min-width: 1400px)\" srcset=\"https:\/\/www.heroldtaxi.ch\/wp-content\/uploads\/2022\/12\/Taxifahrerwerden-2-scaled-1250x536c.jpg 1x, https:\/\/www.heroldtaxi.ch\/wp-content\/uploads\/2022\/12\/Taxifahrerwerden-2-scaled-2500x1072c.jpg 2x\">           <source width=\"1800\" height=\"771\" media=\"(min-width: 1200px)\" srcset=\"https:\/\/www.heroldtaxi.ch\/wp-content\/uploads\/2022\/12\/Taxifahrerwerden-2-scaled-1800x771c.jpg 1x, https:\/\/www.heroldtaxi.ch\/wp-content\/uploads\/2022\/12\/Taxifahrerwerden-2-scaled-3600x1542c.jpg 2x\">           <source width=\"1000\" height=\"429\" media=\"(min-width: 992px)\" srcset=\"https:\/\/www.heroldtaxi.ch\/wp-content\/uploads\/2022\/12\/Taxifahrerwerden-2-scaled-1000x429c.jpg  1x, https:\/\/www.heroldtaxi.ch\/wp-content\/uploads\/2022\/12\/Taxifahrerwerden-2-scaled-2000x858c.jpg 2x\">           <source width=\"1000\" height=\"429\" media=\"(min-width: 768px)\" srcset=\"https:\/\/www.heroldtaxi.ch\/wp-content\/uploads\/2022\/12\/Taxifahrerwerden-2-scaled-1000x429c.jpg 1x, https:\/\/www.heroldtaxi.ch\/wp-content\/uploads\/2022\/12\/Taxifahrerwerden-2-scaled-2000x858c.jpg 2x\">           <source width=\"800\" height=\"400\" media=\"(min-width: 576px)\" srcset=\"https:\/\/www.heroldtaxi.ch\/wp-content\/uploads\/2022\/12\/Taxifahrerwerden-2-scaled-800x400c.jpg 1x, https:\/\/www.heroldtaxi.ch\/wp-content\/uploads\/2022\/12\/Taxifahrerwerden-2-scaled-1600x800c.jpg 2x\">           <img decoding=\"async\" width=\"450\" height=\"225\"           class=\"a-image__image\"           src=\"https:\/\/www.heroldtaxi.ch\/wp-content\/uploads\/2022\/12\/Taxifahrerwerden-2-scaled-450x225c.jpg\" srcset=\"https:\/\/www.heroldtaxi.ch\/wp-content\/uploads\/2022\/12\/Taxifahrerwerden-2-scaled-900x450c.jpg 2x\" alt=\"\"\/>       <\/picture> <\/div>\t\t\t\t\t<\/div>\n\t\t\t\t\t\t\t\t\t\t\n\t\t\t\t\t\t\t\t\t\t\t\t<div class=\"container-narrow\">\n\t\t\t\t\t\t<div class=\"title title--curvy-top stage-title\">\n\t\t\t\t\t\t\t<h1 class=\"space-bottom-reset\">Imprint<\/h1>\n\t\t\t\t\t\t<\/div>\n\t\t\t\t\t<\/div>\n\t\t\t\t\t\t\t\t\t<\/div>\n\n\t\t\n\t\t\t<\/div>\n\n\n\n<div class=\"title title--curvy-top\"><h2 class=\"wp-block-heading\">Kontaktadresse<\/h2><\/div>\n\n\n\n<p>HEROLD TAXI AG<br>Poststrasse 11<br>9000 St. Gallen<br>Schweiz<br>info@heroldtaxi.ch<br>071 2222 777<\/p>\n\n\n\n<div class=\"title title--curvy-top\"><h2 class=\"wp-block-heading\">Vertretungsberechtigte Personen<\/h2><\/div>\n\n\n\n<p>Samuel Holenstein, Gesch\u00e4ftsf\u00fchrer<\/p>\n\n\n\n<div class=\"title title--curvy-top\"><h2 class=\"wp-block-heading\">Handelsregistereintrag<\/h2><\/div>\n\n\n\n<p>Eingetragener Firmenname: HEROLD TAXI AG<br>Nummer: CHE-114.343.493<\/p>\n\n\n\n<div class=\"title title--curvy-top\"><h2 class=\"wp-block-heading\">Haftungsausschluss<\/h2><\/div>\n\n\n\n<p>Der Autor \u00fcbernimmt keinerlei Gew\u00e4hr hinsichtlich der inhaltlichen Richtigkeit, Genauigkeit, Aktualit\u00e4t, Zuverl\u00e4ssigkeit und Vollst\u00e4ndigkeit der Informationen. Haftungsanspr\u00fcche gegen den Autor wegen Sch\u00e4den materieller oder immaterieller Art, welche aus dem Zugriff oder der Nutzung bzw. Nichtnutzung der ver\u00f6ffentlichten Informationen, durch Missbrauch der Verbindung oder durch technische St\u00f6rungen entstanden sind, werden ausgeschlossen. Alle Angebote sind unverbindlich. Der Autor beh\u00e4lt es sich ausdr\u00fccklich vor, Teile der Seiten oder das gesamte Angebot ohne gesonderte Ank\u00fcndigung zu ver\u00e4ndern, zu erg\u00e4nzen, zu l\u00f6schen oder die Ver\u00f6ffentlichung zeitweise oder endg\u00fcltig einzustellen.<\/p>\n\n\n\n<div class=\"title title--curvy-top\"><h2 class=\"wp-block-heading\">Haftung f\u00fcr Links<\/h2><\/div>\n\n\n\n<p>Verweise und Links auf Webseiten Dritter liegen ausserhalb unseres Verantwortungsbereichs Es wird jegliche Verantwortung f\u00fcr solche Webseiten abgelehnt. Der Zugriff und die Nutzung solcher Webseiten erfolgen auf eigene Gefahr des Nutzers oder der Nutzerin.<\/p>\n\n\n\n<div class=\"title title--curvy-top\"><h2 class=\"wp-block-heading\">Urheberrechte<\/h2><\/div>\n\n\n\n<p>Die Urheber- und alle anderen Rechte an Inhalten, Bildern, Fotos oder anderen Dateien auf der Website geh\u00f6ren ausschliesslich der Firma HEROLD TAXI AG oder den speziell genannten Rechtsinhabern. F\u00fcr die Reproduktion jeglicher Elemente ist die schriftliche Zustimmung der Urheberrechtstr\u00e4ger im Voraus einzuholen.<\/p>\n\n\n\n<div class=\"title title--curvy-top\"><h2 class=\"wp-block-heading\">Quelle<\/h2><\/div>\n\n\n\n<p>Dieses Impressum wurde am 21.12.2022 mit dem Impressum Generator der Webdesign Agentur <a href=\"https:\/\/webkoenig.ch\/\" target=\"_blank\" rel=\"noreferrer noopener\">Webk\u00f6nig<\/a> erstellt. Die Agentur Webk\u00f6nig \u00fcbernimmt keine Haftung.<\/p>\n","protected":false},"excerpt":{"rendered":"<p>Kontaktadresse HEROLD TAXI AGPoststrasse 119000 St. GallenSchweizinfo@heroldtaxi.ch071 2222 777 Vertretungsberechtigte Personen Samuel Holenstein, Gesch\u00e4ftsf\u00fchrer Handelsregistereintrag Eingetragener Firmenname: HEROLD TAXI AGNummer: CHE-114.343.493 Haftungsausschluss Der Autor \u00fcbernimmt keinerlei Gew\u00e4hr hinsichtlich der inhaltlichen Richtigkeit, Genauigkeit, Aktualit\u00e4t, Zuverl\u00e4ssigkeit und Vollst\u00e4ndigkeit der Informationen. Haftungsanspr\u00fcche gegen den Autor wegen Sch\u00e4den materieller oder immaterieller Art, welche aus dem Zugriff oder der Nutzung [&hellip;]<\/p>\n","protected":false},"author":1,"featured_media":0,"parent":0,"menu_order":7,"comment_status":"closed","ping_status":"open","template":"","meta":{"_acf_changed":false,"footnotes":""},"class_list":["post-983","page","type-page","status-publish","hentry"],"acf":[],"_links":{"self":[{"href":"https:\/\/www.heroldtaxi.ch\/en\/wp-json\/wp\/v2\/pages\/983","targetHints":{"allow":["GET"]}}],"collection":[{"href":"https:\/\/www.heroldtaxi.ch\/en\/wp-json\/wp\/v2\/pages"}],"about":[{"href":"https:\/\/www.heroldtaxi.ch\/en\/wp-json\/wp\/v2\/types\/page"}],"author":[{"embeddable":true,"href":"https:\/\/www.heroldtaxi.ch\/en\/wp-json\/wp\/v2\/users\/1"}],"replies":[{"embeddable":true,"href":"https:\/\/www.heroldtaxi.ch\/en\/wp-json\/wp\/v2\/comments?post=983"}],"version-history":[{"count":7,"href":"https:\/\/www.heroldtaxi.ch\/en\/wp-json\/wp\/v2\/pages\/983\/revisions"}],"predecessor-version":[{"id":2522,"href":"https:\/\/www.heroldtaxi.ch\/en\/wp-json\/wp\/v2\/pages\/983\/revisions\/2522"}],"wp:attachment":[{"href":"https:\/\/www.heroldtaxi.ch\/en\/wp-json\/wp\/v2\/media?parent=983"}],"curies":[{"name":"wp","href":"https:\/\/api.w.org\/{rel}","templated":true}]}}